{"id":628,"date":"2020-11-18T14:59:29","date_gmt":"2020-11-18T13:59:29","guid":{"rendered":"https:\/\/www.nefilatek.fr\/?post_type=product&#038;p=628"},"modified":"2025-01-14T16:00:49","modified_gmt":"2025-01-14T15:00:49","slug":"nefila-petg-clear","status":"publish","type":"product","link":"https:\/\/www.nefilatek.fr\/index.php\/produit\/nefila-petg-clear\/","title":{"rendered":"Nefila PETG Clear &#8211; 1KG"},"content":{"rendered":"<h5 class=\"uppercase\" style=\"text-align: center;\">Propri\u00e9t\u00e9s\u00a0 :<\/h5>\n<p style=\"text-align: center;\">Le PETG est tr\u00e8s populaire dans le milieu de l&rsquo;impression 3D, facile \u00e0 imprimer et poss\u00e9dant une bonne adh\u00e9sion inter-couches.<\/p>\n<p style=\"text-align: center;\">Nos filaments poss\u00e8dent une tol\u00e9rance industrielle de <strong>1.75 \u00b10.05 mm<\/strong>, ils sont fabriqu\u00e9s dans le nord de la France \u00e0 partir de plastiques recycl\u00e9s provenant d&rsquo;Europe.<\/p>\n<h5 class=\"uppercase\" style=\"text-align: center;\">Param\u00e8tres d&rsquo;impression :<\/h5>\n<p style=\"text-align: center;\">Plateau Chauffant : <strong>80\u00a0\u00b110 C\u00b0<\/strong><\/p>\n<p style=\"text-align: center;\">Buse Chauffante : <strong>240 \u00b110 C\u00b0<\/strong><\/p>\n<div class=\"row\"  id=\"row-747096898\">\n\n\t<div id=\"col-1439789449\" class=\"col medium-6 small-12 large-6\"  >\n\t\t\t\t<div class=\"col-inner\"  >\n\t\t\t\n\t\t\t\n<h3 style=\"text-align: center;\">Propri\u00e9t\u00e9s m\u00e9caniques :<\/h3>\n<p style=\"text-align: left;\"><strong>Density :<\/strong> 1,27 gr\/cm3<\/p>\n<p style=\"text-align: left;\"><strong>Tensile modulus :<\/strong> 1900 MPa (ASTM D882)<\/p>\n<p><strong>Tensile strength at break :<\/strong> 55 MPa (ASTM D882)<\/p>\n<p style=\"text-align: left;\"><b>Glass transition temperature <\/b>: ~82C\u00b0<\/p>\n<p><strong>Deflection temperature<\/strong> : ~70 C\u00b0<\/p>\n\t\t<\/div>\n\t\t\t\t\t<\/div>\n\n\t\n\n\t<div id=\"col-1365822654\" class=\"col medium-6 small-12 large-6\"  >\n\t\t\t\t<div class=\"col-inner\"  >\n\t\t\t\n\t\t\t\n\t<div class=\"img has-hover x md-x lg-x y md-y lg-y\" id=\"image_1408707938\">\n\t\t\t\t\t\t\t\t<div class=\"img-inner dark\" >\n\t\t\t<img loading=\"lazy\" decoding=\"async\" width=\"582\" height=\"443\" src=\"https:\/\/i0.wp.com\/www.nefilatek.fr\/wp-content\/uploads\/2020\/11\/CaracPETG.png?fit=582%2C443&amp;ssl=1\" class=\"attachment-large size-large\" alt=\"caract\u00e9ristiques NEFILA PETG\" srcset=\"https:\/\/i0.wp.com\/www.nefilatek.fr\/wp-content\/uploads\/2020\/11\/CaracPETG.png?w=582&amp;ssl=1 582w, https:\/\/i0.wp.com\/www.nefilatek.fr\/wp-content\/uploads\/2020\/11\/CaracPETG.png?resize=300%2C228&amp;ssl=1 300w\" sizes=\"auto, (max-width: 582px) 100vw, 582px\" \/>\t\t\t\t\t\t\n\t\t\t\t\t<\/div>\n\t\t\t\t\t\t\t\t\n<style>\n#image_1408707938 {\n  width: 100%;\n}\n<\/style>\n\t<\/div>\n\t\n\t\t<\/div>\n\t\t\t\t\t<\/div>\n\n\t\n<\/div>\n","protected":false},"excerpt":{"rendered":"<p>Nefila PETG est un filament d&rsquo;impression 3D recycl\u00e9 provenant de rebuts industriels.<\/p>\n<p>(Notez que la bobine vissable et r\u00e9utilisable n&rsquo;est pas incluse)<\/p>\n","protected":false},"featured_media":759,"comment_status":"open","ping_status":"closed","template":"","meta":{"_seopress_robots_primary_cat":"none","_seopress_titles_title":"Nefila PETG Clear - Nefilatek","_seopress_titles_desc":"Nefila PETG Clear est un filament 3D fait \u00e0 partir de plastiques recycl\u00e9s provenant de rebuts industriels.","_seopress_robots_index":""},"product_brand":[],"product_cat":[15],"product_tag":[],"class_list":{"0":"post-628","1":"product","2":"type-product","3":"status-publish","4":"has-post-thumbnail","6":"product_cat-filaments","8":"first","9":"instock","10":"taxable","11":"shipping-taxable","12":"purchasable","13":"product-type-simple"},"jetpack_sharing_enabled":true,"_links":{"self":[{"href":"https:\/\/www.nefilatek.fr\/index.php\/wp-json\/wp\/v2\/product\/628","targetHints":{"allow":["GET"]}}],"collection":[{"href":"https:\/\/www.nefilatek.fr\/index.php\/wp-json\/wp\/v2\/product"}],"about":[{"href":"https:\/\/www.nefilatek.fr\/index.php\/wp-json\/wp\/v2\/types\/product"}],"replies":[{"embeddable":true,"href":"https:\/\/www.nefilatek.fr\/index.php\/wp-json\/wp\/v2\/comments?post=628"}],"wp:featuredmedia":[{"embeddable":true,"href":"https:\/\/www.nefilatek.fr\/index.php\/wp-json\/wp\/v2\/media\/759"}],"wp:attachment":[{"href":"https:\/\/www.nefilatek.fr\/index.php\/wp-json\/wp\/v2\/media?parent=628"}],"wp:term":[{"taxonomy":"product_brand","embeddable":true,"href":"https:\/\/www.nefilatek.fr\/index.php\/wp-json\/wp\/v2\/product_brand?post=628"},{"taxonomy":"product_cat","embeddable":true,"href":"https:\/\/www.nefilatek.fr\/index.php\/wp-json\/wp\/v2\/product_cat?post=628"},{"taxonomy":"product_tag","embeddable":true,"href":"https:\/\/www.nefilatek.fr\/index.php\/wp-json\/wp\/v2\/product_tag?post=628"}],"curies":[{"name":"wp","href":"https:\/\/api.w.org\/{rel}","templated":true}]}}