{"id":613,"date":"2020-09-29T11:38:35","date_gmt":"2020-09-29T09:38:35","guid":{"rendered":"https:\/\/www.nefilatek.fr\/?post_type=product&#038;p=613"},"modified":"2023-06-12T22:52:10","modified_gmt":"2023-06-12T20:52:10","slug":"nefila-hips-cream-white","status":"publish","type":"product","link":"https:\/\/www.nefilatek.fr\/index.php\/produit\/nefila-hips-cream-white\/","title":{"rendered":"Nefila HIPS Cream White &#8211; 1KG"},"content":{"rendered":"<h5 class=\"uppercase\" style=\"text-align: center;\">Propri\u00e9t\u00e9s\u00a0 :<\/h5>\n<p style=\"text-align: center;\">Le HIPS est tr\u00e8s similaire \u00e0 l&rsquo;ABS au niveau des param\u00e8tres d&rsquo;impression 3D, il reste plus facile \u00e0 imprimer et poss\u00e8de un fini mat contrairement \u00e0 l&rsquo;ABS.<\/p>\n<p style=\"text-align: center;\">Nos filaments poss\u00e8dent une tol\u00e9rance industrielle de <strong>1.75 \u00b10.05 mm<\/strong>, ils sont fabriqu\u00e9s dans le nord de la France \u00e0 partir de plastiques recycl\u00e9s provenant d&rsquo;Europe.<\/p>\n<h5 class=\"uppercase\" style=\"text-align: center;\">Param\u00e8tres d&rsquo;impression :<\/h5>\n<p style=\"text-align: center;\">Plateau Chauffant : <strong>100 \u00b110 C\u00b0<\/strong><\/p>\n<p style=\"text-align: center;\">Buse Chauffante : <strong>245 \u00b110 C\u00b0<\/strong><\/p>\n<p style=\"text-align: center;\">Enceinte ferm\u00e9e recommand\u00e9e<\/p>\n<div class=\"row\"  id=\"row-961703992\">\n\n\t<div id=\"col-282956527\" class=\"col medium-6 small-12 large-6\"  >\n\t\t\t\t<div class=\"col-inner\"  >\n\t\t\t\n\t\t\t\n<h3 style=\"text-align: center;\">Propri\u00e9t\u00e9s m\u00e9caniques :<\/h3>\n<p style=\"text-align: left;\"><strong>Melt flow Index :<\/strong> 7 g\/10mn (ISO1033\/200C\u00b0\/5kg)<\/p>\n<p style=\"text-align: left;\"><strong>Density :<\/strong> 1,05 gr\/cm3<\/p>\n<p style=\"text-align: left;\"><strong>Flexural modulus :<\/strong> 1700 MPa (ISO178)<\/p>\n<p style=\"text-align: left;\"><strong>Izod impact (notched) :<\/strong> \u2265 5 KJ\/m2 (23\u00b0C ISO 180)<\/p>\n<p style=\"text-align: left;\"><strong>ROHS<\/strong> : certified<\/p>\n\t\t<\/div>\n\t\t\t\t\t<\/div>\n\n\t\n\n\t<div id=\"col-1450786219\" class=\"col medium-6 small-12 large-6\"  >\n\t\t\t\t<div class=\"col-inner\"  >\n\t\t\t\n\t\t\t\n\t<div class=\"img has-hover x md-x lg-x y md-y lg-y\" id=\"image_1836219568\">\n\t\t\t\t\t\t\t\t<div class=\"img-inner dark\" >\n\t\t\t<img loading=\"lazy\" decoding=\"async\" width=\"578\" height=\"444\" src=\"https:\/\/i0.wp.com\/www.nefilatek.fr\/wp-content\/uploads\/2020\/08\/HIPScarac.jpg?fit=578%2C444&amp;ssl=1\" class=\"attachment-large size-large\" alt=\"Caract\u00e9ristiques techniques Nefila HIPS\" srcset=\"https:\/\/i0.wp.com\/www.nefilatek.fr\/wp-content\/uploads\/2020\/08\/HIPScarac.jpg?w=578&amp;ssl=1 578w, https:\/\/i0.wp.com\/www.nefilatek.fr\/wp-content\/uploads\/2020\/08\/HIPScarac.jpg?resize=300%2C230&amp;ssl=1 300w, https:\/\/i0.wp.com\/www.nefilatek.fr\/wp-content\/uploads\/2020\/08\/HIPScarac.jpg?resize=510%2C392&amp;ssl=1 510w\" sizes=\"auto, (max-width: 578px) 100vw, 578px\" \/>\t\t\t\t\t\t\n\t\t\t\t\t<\/div>\n\t\t\t\t\t\t\t\t\n<style>\n#image_1836219568 {\n  width: 100%;\n}\n<\/style>\n\t<\/div>\n\t\n\t\t<\/div>\n\t\t\t\t\t<\/div>\n\n\t\n<\/div>\n","protected":false},"excerpt":{"rendered":"<p>Nefila HIPS (High Impact Polystyrene) est un filament d&rsquo;impression 3D recycl\u00e9 provenant de voitures, \u00e9lectrom\u00e9nagers et \u00e9lectroniques.<\/p>\n<p>(Notez que la bobine vissable et r\u00e9utilisable n&rsquo;est pas incluse)<\/p>\n","protected":false},"featured_media":625,"comment_status":"open","ping_status":"closed","template":"","meta":{"_seopress_robots_primary_cat":"none","_seopress_titles_title":"Nefila HIPS Cream White - Nefilatek","_seopress_titles_desc":"Nefila HIPS Cream White est un filament 3D recycl\u00e9. Plus d&#039;information en description.","_seopress_robots_index":""},"product_brand":[],"product_cat":[15],"product_tag":[],"class_list":{"0":"post-613","1":"product","2":"type-product","3":"status-publish","4":"has-post-thumbnail","6":"product_cat-filaments","8":"first","9":"outofstock","10":"taxable","11":"shipping-taxable","12":"purchasable","13":"product-type-simple"},"jetpack_sharing_enabled":true,"_links":{"self":[{"href":"https:\/\/www.nefilatek.fr\/index.php\/wp-json\/wp\/v2\/product\/613","targetHints":{"allow":["GET"]}}],"collection":[{"href":"https:\/\/www.nefilatek.fr\/index.php\/wp-json\/wp\/v2\/product"}],"about":[{"href":"https:\/\/www.nefilatek.fr\/index.php\/wp-json\/wp\/v2\/types\/product"}],"replies":[{"embeddable":true,"href":"https:\/\/www.nefilatek.fr\/index.php\/wp-json\/wp\/v2\/comments?post=613"}],"wp:featuredmedia":[{"embeddable":true,"href":"https:\/\/www.nefilatek.fr\/index.php\/wp-json\/wp\/v2\/media\/625"}],"wp:attachment":[{"href":"https:\/\/www.nefilatek.fr\/index.php\/wp-json\/wp\/v2\/media?parent=613"}],"wp:term":[{"taxonomy":"product_brand","embeddable":true,"href":"https:\/\/www.nefilatek.fr\/index.php\/wp-json\/wp\/v2\/product_brand?post=613"},{"taxonomy":"product_cat","embeddable":true,"href":"https:\/\/www.nefilatek.fr\/index.php\/wp-json\/wp\/v2\/product_cat?post=613"},{"taxonomy":"product_tag","embeddable":true,"href":"https:\/\/www.nefilatek.fr\/index.php\/wp-json\/wp\/v2\/product_tag?post=613"}],"curies":[{"name":"wp","href":"https:\/\/api.w.org\/{rel}","templated":true}]}}