{"id":538,"date":"2020-06-10T13:07:52","date_gmt":"2020-06-10T11:07:52","guid":{"rendered":"https:\/\/www.nefilatek.fr\/?post_type=product&#038;p=538"},"modified":"2025-01-14T16:00:49","modified_gmt":"2025-01-14T15:00:49","slug":"nefila-spool","status":"publish","type":"product","link":"https:\/\/www.nefilatek.fr\/index.php\/produit\/nefila-spool\/","title":{"rendered":"Nefila Spool"},"content":{"rendered":"<h5 class=\"uppercase\">Caract\u00e9ristiques et descriptions :<\/h5>\n<ul>\n<li>Tr\u00e8s l\u00e9g\u00e8re : &lt;150 gr<\/li>\n<li>Facile \u00e0 imprim\u00e9e<\/li>\n<li>Moins de 8 heures d&rsquo;impression avec une buse de 0.4mm (en fonction de vos param\u00e8tres)<\/li>\n<li>Colliers de serrages r\u00e9utilisable<\/li>\n<\/ul>\n<p>Imprimez et assemblez votre bobine directement \u00e0 la maison :<strong> <a href=\"https:\/\/www.thingiverse.com\/thing:3292419\">https:\/\/www.thingiverse.com\/thing:3292419<\/a><\/strong><\/p>\n<h5 class=\"uppercase\">Pourquoi utiliser une bobine vissable et r\u00e9utilisable?<\/h5>\n<ul>\n<li>Moins de d\u00e9chets plastiques = moins d&rsquo;impacts environnementaux<\/li>\n<li>R\u00e9duction du volume et du poids pour les livraisons<\/li>\n<li>C&rsquo;est plus amusant d&rsquo;imprimer son propre support de bobine !<\/li>\n<\/ul>\n<p>&nbsp;<\/p>\n","protected":false},"excerpt":{"rendered":"<p>Notre bobine vissable et r\u00e9utilisable , il est aussi possible de l&rsquo;imprimer par vous m\u00eame !<\/p>\n","protected":false},"featured_media":589,"comment_status":"open","ping_status":"closed","template":"","meta":{"_seopress_robots_primary_cat":"none","_seopress_titles_title":"Nefila Spool - Nefilatek","_seopress_titles_desc":"Notre Bobine vissable et r\u00e9utilisable. Plus d&#039;information en description.","_seopress_robots_index":"","_seopress_analysis_target_kw":"Nefila Spool,Spool,Bobine,vissable,r\u00e9utilisable,imprimante 3D,Impression 3D,Bobine recycl\u00e9,HIPS,ABS,PETG,Europe,France,Nord"},"product_brand":[],"product_cat":[69],"product_tag":[],"class_list":{"0":"post-538","1":"product","2":"type-product","3":"status-publish","4":"has-post-thumbnail","6":"product_cat-supports","8":"first","9":"outofstock","10":"taxable","11":"shipping-taxable","12":"purchasable","13":"product-type-simple"},"jetpack_sharing_enabled":true,"_links":{"self":[{"href":"https:\/\/www.nefilatek.fr\/index.php\/wp-json\/wp\/v2\/product\/538","targetHints":{"allow":["GET"]}}],"collection":[{"href":"https:\/\/www.nefilatek.fr\/index.php\/wp-json\/wp\/v2\/product"}],"about":[{"href":"https:\/\/www.nefilatek.fr\/index.php\/wp-json\/wp\/v2\/types\/product"}],"replies":[{"embeddable":true,"href":"https:\/\/www.nefilatek.fr\/index.php\/wp-json\/wp\/v2\/comments?post=538"}],"wp:featuredmedia":[{"embeddable":true,"href":"https:\/\/www.nefilatek.fr\/index.php\/wp-json\/wp\/v2\/media\/589"}],"wp:attachment":[{"href":"https:\/\/www.nefilatek.fr\/index.php\/wp-json\/wp\/v2\/media?parent=538"}],"wp:term":[{"taxonomy":"product_brand","embeddable":true,"href":"https:\/\/www.nefilatek.fr\/index.php\/wp-json\/wp\/v2\/product_brand?post=538"},{"taxonomy":"product_cat","embeddable":true,"href":"https:\/\/www.nefilatek.fr\/index.php\/wp-json\/wp\/v2\/product_cat?post=538"},{"taxonomy":"product_tag","embeddable":true,"href":"https:\/\/www.nefilatek.fr\/index.php\/wp-json\/wp\/v2\/product_tag?post=538"}],"curies":[{"name":"wp","href":"https:\/\/api.w.org\/{rel}","templated":true}]}}