{"id":384,"date":"2020-05-05T11:20:41","date_gmt":"2020-05-05T09:20:41","guid":{"rendered":"http:\/\/www.nefilatek.fr\/?page_id=384"},"modified":"2021-08-12T11:26:18","modified_gmt":"2021-08-12T09:26:18","slug":"services-3d","status":"publish","type":"page","link":"https:\/\/www.nefilatek.fr\/index.php\/services-3d\/","title":{"rendered":"Services 3D"},"content":{"rendered":"\n  <div class=\"banner-grid-wrapper\">\n  <div id=\"banner-grid-572111250\" class=\"banner-grid row row-grid\" data-packery-options=\"\">\n                      \n\n<div class=\"col grid-col large-13 grid-col-1-2\" ><div class=\"col-inner\">\n\n\n  <div class=\"banner has-hover\" id=\"banner-560081905\">\n          <div class=\"banner-inner fill\">\n        <div class=\"banner-bg fill\" >\n            <div class=\"bg fill bg-fill \"><\/div>\n                        <div class=\"overlay\"><\/div>            \n                    <\/div>\n\t\t\n        <div class=\"banner-layers container\">\n            <div class=\"fill banner-link\"><\/div>            \n\n   <div id=\"text-box-967673898\" class=\"text-box banner-layer x50 md-x50 lg-x50 y50 md-y50 lg-y50 res-text\">\n                                <div class=\"text-box-content text dark\">\n              \n              <div class=\"text-inner text-center\">\n                  \n\n<h3 class=\"uppercase\" style=\"text-align: center;\"><strong>Service d&rsquo;impression 3D<\/strong><\/h3>\n<p style=\"text-align: center;\">Avec notre expertise sur nos filaments et dans la conception m\u00e9canique , nous vous proposons un service de mod\u00e9lisation et d&rsquo;impression 3D pour vos projets :<\/p>\n<ul>\n<li class=\"bullet-checkmark bullet-arrow\" style=\"text-align: center;\">R\u00e9alisation et CAO de vote projet<\/li>\n<li class=\"bullet-checkmark bullet-arrow\" style=\"text-align: center;\">Impression 3D de vos designs avec nos filaments 100% recycl\u00e9s , du prototype \u00e0 la petite s\u00e9rie<\/li>\n<\/ul>\n\n              <\/div>\n           <\/div>\n                            \n<style>\n#text-box-967673898 {\n  width: 60%;\n}\n#text-box-967673898 .text-box-content {\n  font-size: 100%;\n}\n<\/style>\n    <\/div>\n \n\n        <\/div>\n      <\/div>\n\n              <div class=\"height-fix is-invisible\"><img loading=\"lazy\" decoding=\"async\" width=\"1020\" height=\"574\" src=\"https:\/\/i0.wp.com\/www.nefilatek.fr\/wp-content\/uploads\/2020\/05\/apps.42199.13713526914295938.1c766587-2c76-4bea-a4e1-e97bf3f64ee3.jpg?fit=1020%2C574&amp;ssl=1\" class=\"attachment-large size-large\" alt=\"Banni\u00e8re service 3D\" srcset=\"https:\/\/i0.wp.com\/www.nefilatek.fr\/wp-content\/uploads\/2020\/05\/apps.42199.13713526914295938.1c766587-2c76-4bea-a4e1-e97bf3f64ee3.jpg?w=1920&amp;ssl=1 1920w, https:\/\/i0.wp.com\/www.nefilatek.fr\/wp-content\/uploads\/2020\/05\/apps.42199.13713526914295938.1c766587-2c76-4bea-a4e1-e97bf3f64ee3.jpg?resize=510%2C287&amp;ssl=1 510w, https:\/\/i0.wp.com\/www.nefilatek.fr\/wp-content\/uploads\/2020\/05\/apps.42199.13713526914295938.1c766587-2c76-4bea-a4e1-e97bf3f64ee3.jpg?resize=300%2C169&amp;ssl=1 300w, https:\/\/i0.wp.com\/www.nefilatek.fr\/wp-content\/uploads\/2020\/05\/apps.42199.13713526914295938.1c766587-2c76-4bea-a4e1-e97bf3f64ee3.jpg?resize=1024%2C576&amp;ssl=1 1024w, https:\/\/i0.wp.com\/www.nefilatek.fr\/wp-content\/uploads\/2020\/05\/apps.42199.13713526914295938.1c766587-2c76-4bea-a4e1-e97bf3f64ee3.jpg?resize=768%2C432&amp;ssl=1 768w, https:\/\/i0.wp.com\/www.nefilatek.fr\/wp-content\/uploads\/2020\/05\/apps.42199.13713526914295938.1c766587-2c76-4bea-a4e1-e97bf3f64ee3.jpg?resize=1536%2C864&amp;ssl=1 1536w\" sizes=\"auto, (max-width: 1020px) 100vw, 1020px\" \/><\/div>\n            \n<style>\n#banner-560081905 .bg.bg-loaded {\n  background-image: url(https:\/\/i0.wp.com\/www.nefilatek.fr\/wp-content\/uploads\/2020\/05\/apps.42199.13713526914295938.1c766587-2c76-4bea-a4e1-e97bf3f64ee3.jpg?fit=1020%2C574&ssl=1);\n}\n#banner-560081905 .overlay {\n  background-color: rgba(0,0,0,.5);\n}\n#banner-560081905 .ux-shape-divider--top svg {\n  height: 150px;\n  --divider-top-width: 100%;\n}\n#banner-560081905 .ux-shape-divider--bottom svg {\n  height: 150px;\n  --divider-width: 100%;\n}\n<\/style>\n  <\/div>\n\n\n\n<\/div><\/div>\n<div class=\"col grid-col large-8 grid-col-1\" ><div class=\"col-inner\">\n\n\n  <div class=\"banner has-hover\" id=\"banner-210976899\">\n          <div class=\"banner-inner fill\">\n        <div class=\"banner-bg fill\" >\n            <div class=\"bg fill bg-fill \"><\/div>\n                        <div class=\"overlay\"><\/div>            \n                    <\/div>\n\t\t\n        <div class=\"banner-layers container\">\n            <div class=\"fill banner-link\"><\/div>            \n\n   <div id=\"text-box-2031764469\" class=\"text-box banner-layer x5 md-x5 lg-x5 y50 md-y50 lg-y50 res-text\">\n                                <div class=\"text-box-content text box-shadow-3\">\n              \n              <div class=\"text-inner text-left\">\n                  \n\n<h2 class=\"uppercase\"><strong>Soumettre votre projet<\/strong><\/h2>\n<p>Nous vous r\u00e9pondrons dans les meilleurs d\u00e9lais, avec une offre comp\u00e9titive et des impressions avec nos filaments 100% recycl\u00e9s .<\/p>\n\n<div class=\"wpcf7 no-js\" id=\"wpcf7-f458-o1\" lang=\"fr-FR\" dir=\"ltr\" data-wpcf7-id=\"458\">\n<div class=\"screen-reader-response\"><p role=\"status\" aria-live=\"polite\" aria-atomic=\"true\"><\/p> <ul><\/ul><\/div>\n<form action=\"\/index.php\/wp-json\/wp\/v2\/pages\/384#wpcf7-f458-o1\" method=\"post\" class=\"wpcf7-form init\" aria-label=\"Formulaire de contact\" novalidate=\"novalidate\" data-status=\"init\">\n<fieldset class=\"hidden-fields-container\"><input type=\"hidden\" name=\"_wpcf7\" value=\"458\" \/><input type=\"hidden\" name=\"_wpcf7_version\" value=\"6.1.6\" \/><input type=\"hidden\" name=\"_wpcf7_locale\" value=\"fr_FR\" \/><input type=\"hidden\" name=\"_wpcf7_unit_tag\" value=\"wpcf7-f458-o1\" \/><input type=\"hidden\" name=\"_wpcf7_container_post\" value=\"0\" \/><input type=\"hidden\" name=\"_wpcf7_posted_data_hash\" value=\"\" \/>\n<\/fieldset>\n<div class=\"form-flat\">\n\t<p><label> Votre nom ou entreprise (obligatoire)<br \/>\n<span class=\"wpcf7-form-control-wrap\" data-name=\"your-name\"><input size=\"40\" maxlength=\"400\" class=\"wpcf7-form-control wpcf7-text wpcf7-validates-as-required\" aria-required=\"true\" aria-invalid=\"false\" value=\"\" type=\"text\" name=\"your-name\" \/><\/span> <\/label>\n\t<\/p>\n\t<p><label> Votre adresse de messagerie (obligatoire)<br \/>\n<span class=\"wpcf7-form-control-wrap\" data-name=\"your-email\"><input size=\"40\" maxlength=\"400\" class=\"wpcf7-form-control wpcf7-email wpcf7-validates-as-required wpcf7-text wpcf7-validates-as-email\" aria-required=\"true\" aria-invalid=\"false\" value=\"\" type=\"email\" name=\"your-email\" \/><\/span> <\/label>\n\t<\/p>\n\t<p><label> N\u00b0 de t\u00e9l\u00e9phone <span class=\"wpcf7-form-control-wrap\" data-name=\"telephone\"><input size=\"40\" maxlength=\"400\" class=\"wpcf7-form-control wpcf7-text wpcf7-validates-as-required\" aria-required=\"true\" aria-invalid=\"false\" value=\"\" type=\"text\" name=\"telephone\" \/><\/span> <\/label>\n\t<\/p>\n\t<p><label> Objet<br \/>\n<span class=\"wpcf7-form-control-wrap\" data-name=\"your-subject\"><input size=\"40\" maxlength=\"400\" class=\"wpcf7-form-control wpcf7-text\" aria-invalid=\"false\" value=\"\" type=\"text\" name=\"your-subject\" \/><\/span> <\/label>\n\t<\/p>\n\t<p><label> D\u00e9crivez-nous votre projet !<br \/>\n<span class=\"wpcf7-form-control-wrap\" data-name=\"your-message\"><textarea cols=\"40\" rows=\"10\" maxlength=\"2000\" class=\"wpcf7-form-control wpcf7-textarea\" aria-invalid=\"false\" name=\"your-message\"><\/textarea><\/span> <\/label>\n\t<\/p>\n\t<p><input class=\"wpcf7-form-control wpcf7-submit has-spinner\" type=\"submit\" value=\"Envoyer\" \/>\n\t<\/p>\n<\/div><p style=\"display: none !important;\" class=\"akismet-fields-container\" data-prefix=\"_wpcf7_ak_\"><label>&#916;<textarea name=\"_wpcf7_ak_hp_textarea\" cols=\"45\" rows=\"8\" maxlength=\"100\"><\/textarea><\/label><input type=\"hidden\" id=\"ak_js_1\" name=\"_wpcf7_ak_js\" value=\"230\"\/><script type=\"text\/javascript\">\n\/* <![CDATA[ *\/\ndocument.getElementById( \"ak_js_1\" ).setAttribute( \"value\", ( new Date() ).getTime() );\n\/* ]]> *\/\n<\/script>\n<\/p><div class=\"wpcf7-response-output\" aria-hidden=\"true\"><\/div>\n<\/form>\n<\/div>\n\n\n\n              <\/div>\n           <\/div>\n                            \n<style>\n#text-box-2031764469 .text-box-content {\n  background-color: rgb(255, 255, 255);\n  font-size: 100%;\n}\n#text-box-2031764469 .text-inner {\n  padding: 30px 30px 30px 30px;\n}\n#text-box-2031764469 {\n  width: 60%;\n}\n@media (min-width:550px) {\n  #text-box-2031764469 {\n    width: 80%;\n  }\n}\n<\/style>\n    <\/div>\n \n\n        <\/div>\n      <\/div>\n\n            \n<style>\n#banner-210976899 {\n  padding-top: 500px;\n  background-color: rgb(255, 255, 255);\n}\n#banner-210976899 .overlay {\n  background-color: rgba(190, 190, 190, 0.2);\n}\n#banner-210976899 .ux-shape-divider--top svg {\n  height: 150px;\n  --divider-top-width: 100%;\n}\n#banner-210976899 .ux-shape-divider--bottom svg {\n  height: 150px;\n  --divider-width: 100%;\n}\n<\/style>\n  <\/div>\n\n\n\n<\/div><\/div>\n<div class=\"col grid-col large-4 grid-col-1-2 hide-for-small\" data-animate=\"fadeInRight\"><div class=\"col-inner\">\n\n<div class=\"slider-wrapper relative\" id=\"slider-553691695\" >\n    <div class=\"slider slider-nav-circle slider-nav-large slider-nav-light slider-style-normal\"\n        data-flickity-options='{\n            \"cellAlign\": \"center\",\n            \"imagesLoaded\": true,\n            \"lazyLoad\": 1,\n            \"freeScroll\": false,\n            \"wrapAround\": true,\n            \"autoPlay\": 6000,\n            \"pauseAutoPlayOnHover\" : true,\n            \"prevNextButtons\": true,\n            \"contain\" : true,\n            \"adaptiveHeight\" : true,\n            \"dragThreshold\" : 10,\n            \"percentPosition\": true,\n            \"pageDots\": true,\n            \"rightToLeft\": false,\n            \"draggable\": true,\n            \"selectedAttraction\": 0.1,\n            \"parallax\" : 0,\n            \"friction\": 0.6        }'\n        >\n        \n\n\t<div class=\"img has-hover x md-x lg-x y md-y lg-y\" id=\"image_1276226381\">\n\t\t\t\t\t\t\t\t<div class=\"img-inner dark\" >\n\t\t\t<img loading=\"lazy\" decoding=\"async\" width=\"1020\" height=\"888\" src=\"https:\/\/i0.wp.com\/www.nefilatek.fr\/wp-content\/uploads\/2020\/05\/P3101877-scaled.jpeg?fit=1020%2C888&amp;ssl=1\" class=\"attachment-large size-large\" alt=\"Exemple d&#039;impression 3D-1\" srcset=\"https:\/\/i0.wp.com\/www.nefilatek.fr\/wp-content\/uploads\/2020\/05\/P3101877-scaled.jpeg?w=2560&amp;ssl=1 2560w, https:\/\/i0.wp.com\/www.nefilatek.fr\/wp-content\/uploads\/2020\/05\/P3101877-scaled.jpeg?resize=510%2C444&amp;ssl=1 510w, https:\/\/i0.wp.com\/www.nefilatek.fr\/wp-content\/uploads\/2020\/05\/P3101877-scaled.jpeg?resize=300%2C261&amp;ssl=1 300w, https:\/\/i0.wp.com\/www.nefilatek.fr\/wp-content\/uploads\/2020\/05\/P3101877-scaled.jpeg?resize=1024%2C891&amp;ssl=1 1024w, https:\/\/i0.wp.com\/www.nefilatek.fr\/wp-content\/uploads\/2020\/05\/P3101877-scaled.jpeg?resize=768%2C668&amp;ssl=1 768w, https:\/\/i0.wp.com\/www.nefilatek.fr\/wp-content\/uploads\/2020\/05\/P3101877-scaled.jpeg?resize=1536%2C1336&amp;ssl=1 1536w, https:\/\/i0.wp.com\/www.nefilatek.fr\/wp-content\/uploads\/2020\/05\/P3101877-scaled.jpeg?resize=2048%2C1781&amp;ssl=1 2048w\" sizes=\"auto, (max-width: 1020px) 100vw, 1020px\" \/>\t\t\t\t\t\t\n\t\t\t\t\t<\/div>\n\t\t\t\t\t\t\t\t\n<style>\n#image_1276226381 {\n  width: 100%;\n}\n<\/style>\n\t<\/div>\n\t\n\n\t<div class=\"img has-hover x md-x lg-x y md-y lg-y\" id=\"image_1620753810\">\n\t\t\t\t\t\t\t\t<div class=\"img-inner dark\" >\n\t\t\t<img loading=\"lazy\" decoding=\"async\" width=\"992\" height=\"1024\" src=\"https:\/\/i0.wp.com\/www.nefilatek.fr\/wp-content\/uploads\/2020\/05\/P3101880.jpeg?fit=992%2C1024&amp;ssl=1\" class=\"attachment-large size-large\" alt=\"Exemple d&#039;impression 3D-2\" srcset=\"https:\/\/i0.wp.com\/www.nefilatek.fr\/wp-content\/uploads\/2020\/05\/P3101880.jpeg?w=2307&amp;ssl=1 2307w, https:\/\/i0.wp.com\/www.nefilatek.fr\/wp-content\/uploads\/2020\/05\/P3101880.jpeg?resize=510%2C526&amp;ssl=1 510w, https:\/\/i0.wp.com\/www.nefilatek.fr\/wp-content\/uploads\/2020\/05\/P3101880.jpeg?resize=291%2C300&amp;ssl=1 291w, https:\/\/i0.wp.com\/www.nefilatek.fr\/wp-content\/uploads\/2020\/05\/P3101880.jpeg?resize=992%2C1024&amp;ssl=1 992w, https:\/\/i0.wp.com\/www.nefilatek.fr\/wp-content\/uploads\/2020\/05\/P3101880.jpeg?resize=768%2C793&amp;ssl=1 768w, https:\/\/i0.wp.com\/www.nefilatek.fr\/wp-content\/uploads\/2020\/05\/P3101880.jpeg?resize=1488%2C1536&amp;ssl=1 1488w, https:\/\/i0.wp.com\/www.nefilatek.fr\/wp-content\/uploads\/2020\/05\/P3101880.jpeg?resize=1984%2C2048&amp;ssl=1 1984w, https:\/\/i0.wp.com\/www.nefilatek.fr\/wp-content\/uploads\/2020\/05\/P3101880.jpeg?w=2040&amp;ssl=1 2040w\" sizes=\"auto, (max-width: 992px) 100vw, 992px\" \/>\t\t\t\t\t\t\n\t\t\t\t\t<\/div>\n\t\t\t\t\t\t\t\t\n<style>\n#image_1620753810 {\n  width: 100%;\n}\n<\/style>\n\t<\/div>\n\t\n\n\t<div class=\"img has-hover x md-x lg-x y md-y lg-y\" id=\"image_1729256400\">\n\t\t\t\t\t\t\t\t<div class=\"img-inner dark\" style=\"margin:-70px 0px 0px 0px;\">\n\t\t\t<img loading=\"lazy\" decoding=\"async\" width=\"636\" height=\"1024\" src=\"https:\/\/i0.wp.com\/www.nefilatek.fr\/wp-content\/uploads\/2020\/05\/fullsizeoutput_e42.jpeg?fit=636%2C1024&amp;ssl=1\" class=\"attachment-large size-large\" alt=\"Exemple d&#039;impression 3D-3\" srcset=\"https:\/\/i0.wp.com\/www.nefilatek.fr\/wp-content\/uploads\/2020\/05\/fullsizeoutput_e42.jpeg?w=1410&amp;ssl=1 1410w, https:\/\/i0.wp.com\/www.nefilatek.fr\/wp-content\/uploads\/2020\/05\/fullsizeoutput_e42.jpeg?resize=510%2C821&amp;ssl=1 510w, https:\/\/i0.wp.com\/www.nefilatek.fr\/wp-content\/uploads\/2020\/05\/fullsizeoutput_e42.jpeg?resize=186%2C300&amp;ssl=1 186w, https:\/\/i0.wp.com\/www.nefilatek.fr\/wp-content\/uploads\/2020\/05\/fullsizeoutput_e42.jpeg?resize=636%2C1024&amp;ssl=1 636w, https:\/\/i0.wp.com\/www.nefilatek.fr\/wp-content\/uploads\/2020\/05\/fullsizeoutput_e42.jpeg?resize=768%2C1237&amp;ssl=1 768w, https:\/\/i0.wp.com\/www.nefilatek.fr\/wp-content\/uploads\/2020\/05\/fullsizeoutput_e42.jpeg?resize=954%2C1536&amp;ssl=1 954w, https:\/\/i0.wp.com\/www.nefilatek.fr\/wp-content\/uploads\/2020\/05\/fullsizeoutput_e42.jpeg?resize=1272%2C2048&amp;ssl=1 1272w\" sizes=\"auto, (max-width: 636px) 100vw, 636px\" \/>\t\t\t\t\t\t\n\t\t\t\t\t<\/div>\n\t\t\t\t\t\t\t\t\n<style>\n#image_1729256400 {\n  width: 100%;\n}\n<\/style>\n\t<\/div>\n\t\n\n\t<div class=\"img has-hover x md-x lg-x y md-y lg-y\" id=\"image_1140240162\">\n\t\t\t\t\t\t\t\t<div class=\"img-inner dark\" >\n\t\t\t<img loading=\"lazy\" decoding=\"async\" width=\"1020\" height=\"1020\" src=\"https:\/\/i0.wp.com\/www.nefilatek.fr\/wp-content\/uploads\/2020\/05\/Kindle-scaled.jpg?fit=1020%2C1020&amp;ssl=1\" class=\"attachment-large size-large\" alt=\"Exemple d&#039;Impression 3D-4\" srcset=\"https:\/\/i0.wp.com\/www.nefilatek.fr\/wp-content\/uploads\/2020\/05\/Kindle-scaled.jpg?w=2560&amp;ssl=1 2560w, https:\/\/i0.wp.com\/www.nefilatek.fr\/wp-content\/uploads\/2020\/05\/Kindle-scaled.jpg?resize=247%2C247&amp;ssl=1 247w, https:\/\/i0.wp.com\/www.nefilatek.fr\/wp-content\/uploads\/2020\/05\/Kindle-scaled.jpg?resize=100%2C100&amp;ssl=1 100w, https:\/\/i0.wp.com\/www.nefilatek.fr\/wp-content\/uploads\/2020\/05\/Kindle-scaled.jpg?resize=510%2C510&amp;ssl=1 510w, https:\/\/i0.wp.com\/www.nefilatek.fr\/wp-content\/uploads\/2020\/05\/Kindle-scaled.jpg?resize=300%2C300&amp;ssl=1 300w, https:\/\/i0.wp.com\/www.nefilatek.fr\/wp-content\/uploads\/2020\/05\/Kindle-scaled.jpg?resize=1024%2C1024&amp;ssl=1 1024w, https:\/\/i0.wp.com\/www.nefilatek.fr\/wp-content\/uploads\/2020\/05\/Kindle-scaled.jpg?resize=150%2C150&amp;ssl=1 150w, https:\/\/i0.wp.com\/www.nefilatek.fr\/wp-content\/uploads\/2020\/05\/Kindle-scaled.jpg?resize=768%2C768&amp;ssl=1 768w, https:\/\/i0.wp.com\/www.nefilatek.fr\/wp-content\/uploads\/2020\/05\/Kindle-scaled.jpg?resize=1536%2C1536&amp;ssl=1 1536w, https:\/\/i0.wp.com\/www.nefilatek.fr\/wp-content\/uploads\/2020\/05\/Kindle-scaled.jpg?resize=2048%2C2048&amp;ssl=1 2048w\" sizes=\"auto, (max-width: 1020px) 100vw, 1020px\" \/>\t\t\t\t\t\t\n\t\t\t\t\t<\/div>\n\t\t\t\t\t\t\t\t\n<style>\n#image_1140240162 {\n  width: 100%;\n}\n<\/style>\n\t<\/div>\n\t\n\n\n     <\/div>\n\n     <div class=\"loading-spin dark large centered\"><\/div>\n\n     \t<\/div>\n\n\n\n<\/div><\/div>\n<div class=\"col grid-col large-4 grid-col-1-2 hide-for-small\" data-animate=\"fadeInLeft\"><div class=\"col-inner\">\n\n<div class=\"slider-wrapper relative\" id=\"slider-1494749373\" >\n    <div class=\"slider slider-nav-simple slider-nav-normal slider-nav-dark slider-style-normal\"\n        data-flickity-options='{\n            \"cellAlign\": \"center\",\n            \"imagesLoaded\": true,\n            \"lazyLoad\": 1,\n            \"freeScroll\": false,\n            \"wrapAround\": true,\n            \"autoPlay\": false,\n            \"pauseAutoPlayOnHover\" : true,\n            \"prevNextButtons\": true,\n            \"contain\" : true,\n            \"adaptiveHeight\" : true,\n            \"dragThreshold\" : 10,\n            \"percentPosition\": true,\n            \"pageDots\": true,\n            \"rightToLeft\": false,\n            \"draggable\": true,\n            \"selectedAttraction\": 0.1,\n            \"parallax\" : 0,\n            \"friction\": 0.6        }'\n        >\n        \n\n\t<div class=\"img has-hover x md-x lg-x y md-y lg-y\" id=\"image_2035959648\">\n\t\t\t\t\t\t\t\t<div class=\"img-inner dark\" >\n\t\t\t<img loading=\"lazy\" decoding=\"async\" width=\"979\" height=\"816\" src=\"https:\/\/i0.wp.com\/www.nefilatek.fr\/wp-content\/uploads\/2020\/05\/Capture-1.jpg?fit=979%2C816&amp;ssl=1\" class=\"attachment-large size-large\" alt=\"Service d&#039;impression 3D-1\" srcset=\"https:\/\/i0.wp.com\/www.nefilatek.fr\/wp-content\/uploads\/2020\/05\/Capture-1.jpg?w=979&amp;ssl=1 979w, https:\/\/i0.wp.com\/www.nefilatek.fr\/wp-content\/uploads\/2020\/05\/Capture-1.jpg?resize=510%2C425&amp;ssl=1 510w, https:\/\/i0.wp.com\/www.nefilatek.fr\/wp-content\/uploads\/2020\/05\/Capture-1.jpg?resize=300%2C250&amp;ssl=1 300w, https:\/\/i0.wp.com\/www.nefilatek.fr\/wp-content\/uploads\/2020\/05\/Capture-1.jpg?resize=768%2C640&amp;ssl=1 768w\" sizes=\"auto, (max-width: 979px) 100vw, 979px\" \/>\t\t\t\t\t\t\n\t\t\t\t\t<\/div>\n\t\t\t\t\t\t\t\t\n<style>\n#image_2035959648 {\n  width: 100%;\n}\n<\/style>\n\t<\/div>\n\t\n\n\t<div class=\"img has-hover x md-x lg-x y md-y lg-y\" id=\"image_1160367186\">\n\t\t\t\t\t\t\t\t<div class=\"img-inner dark\" >\n\t\t\t<img loading=\"lazy\" decoding=\"async\" width=\"1020\" height=\"771\" src=\"https:\/\/i0.wp.com\/www.nefilatek.fr\/wp-content\/uploads\/2020\/05\/Capture3.jpg?fit=1020%2C771&amp;ssl=1\" class=\"attachment-large size-large\" alt=\"Service d&#039;impression 3D-2\" srcset=\"https:\/\/i0.wp.com\/www.nefilatek.fr\/wp-content\/uploads\/2020\/05\/Capture3.jpg?w=1036&amp;ssl=1 1036w, https:\/\/i0.wp.com\/www.nefilatek.fr\/wp-content\/uploads\/2020\/05\/Capture3.jpg?resize=510%2C385&amp;ssl=1 510w, https:\/\/i0.wp.com\/www.nefilatek.fr\/wp-content\/uploads\/2020\/05\/Capture3.jpg?resize=300%2C227&amp;ssl=1 300w, https:\/\/i0.wp.com\/www.nefilatek.fr\/wp-content\/uploads\/2020\/05\/Capture3.jpg?resize=1024%2C774&amp;ssl=1 1024w, https:\/\/i0.wp.com\/www.nefilatek.fr\/wp-content\/uploads\/2020\/05\/Capture3.jpg?resize=768%2C580&amp;ssl=1 768w\" sizes=\"auto, (max-width: 1020px) 100vw, 1020px\" \/>\t\t\t\t\t\t\n\t\t\t\t\t<\/div>\n\t\t\t\t\t\t\t\t\n<style>\n#image_1160367186 {\n  width: 100%;\n}\n<\/style>\n\t<\/div>\n\t\n\n\t<div class=\"img has-hover x md-x lg-x y md-y lg-y\" id=\"image_1886556583\">\n\t\t\t\t\t\t\t\t<div class=\"img-inner dark\" >\n\t\t\t<img loading=\"lazy\" decoding=\"async\" width=\"1020\" height=\"801\" src=\"https:\/\/i0.wp.com\/www.nefilatek.fr\/wp-content\/uploads\/2020\/05\/Capturebob.jpg?fit=1020%2C801&amp;ssl=1\" class=\"attachment-large size-large\" alt=\"Service d&#039;impression 3D-3\" srcset=\"https:\/\/i0.wp.com\/www.nefilatek.fr\/wp-content\/uploads\/2020\/05\/Capturebob.jpg?w=1031&amp;ssl=1 1031w, https:\/\/i0.wp.com\/www.nefilatek.fr\/wp-content\/uploads\/2020\/05\/Capturebob.jpg?resize=510%2C400&amp;ssl=1 510w, https:\/\/i0.wp.com\/www.nefilatek.fr\/wp-content\/uploads\/2020\/05\/Capturebob.jpg?resize=300%2C235&amp;ssl=1 300w, https:\/\/i0.wp.com\/www.nefilatek.fr\/wp-content\/uploads\/2020\/05\/Capturebob.jpg?resize=1024%2C804&amp;ssl=1 1024w, https:\/\/i0.wp.com\/www.nefilatek.fr\/wp-content\/uploads\/2020\/05\/Capturebob.jpg?resize=768%2C603&amp;ssl=1 768w\" sizes=\"auto, (max-width: 1020px) 100vw, 1020px\" \/>\t\t\t\t\t\t\n\t\t\t\t\t<\/div>\n\t\t\t\t\t\t\t\t\n<style>\n#image_1886556583 {\n  width: 100%;\n}\n<\/style>\n\t<\/div>\n\t\n\n\n     <\/div>\n\n     <div class=\"loading-spin dark large centered\"><\/div>\n\n     \t<\/div>\n\n\n\n<\/div><\/div>\n\n            <\/div>\n    <style>\n    #banner-grid-572111250 .grid-col-1{height: 600px}\n    #banner-grid-572111250 .grid-col-1-2{height: 300px}\n    #banner-grid-572111250 .grid-col-1-3{height:200px}\n    #banner-grid-572111250 .grid-col-2-3{height: 400px}\n    #banner-grid-572111250 .grid-col-1-4{height: 150px}\n    #banner-grid-572111250 .grid-col-3-4{height: 450px}\n\n\n    \n    \n\n  <\/style>\n    <\/div>\n  \n\n","protected":false},"excerpt":{"rendered":"","protected":false},"author":1,"featured_media":0,"parent":0,"menu_order":0,"comment_status":"closed","ping_status":"closed","template":"","meta":{"_seopress_robots_primary_cat":"","_seopress_titles_title":"","_seopress_titles_desc":"","_seopress_robots_index":"","_seopress_analysis_target_kw":"","footnotes":""},"class_list":["post-384","page","type-page","status-publish","hentry"],"jetpack_sharing_enabled":true,"_links":{"self":[{"href":"https:\/\/www.nefilatek.fr\/index.php\/wp-json\/wp\/v2\/pages\/384","targetHints":{"allow":["GET"]}}],"collection":[{"href":"https:\/\/www.nefilatek.fr\/index.php\/wp-json\/wp\/v2\/pages"}],"about":[{"href":"https:\/\/www.nefilatek.fr\/index.php\/wp-json\/wp\/v2\/types\/page"}],"author":[{"embeddable":true,"href":"https:\/\/www.nefilatek.fr\/index.php\/wp-json\/wp\/v2\/users\/1"}],"replies":[{"embeddable":true,"href":"https:\/\/www.nefilatek.fr\/index.php\/wp-json\/wp\/v2\/comments?post=384"}],"version-history":[{"count":12,"href":"https:\/\/www.nefilatek.fr\/index.php\/wp-json\/wp\/v2\/pages\/384\/revisions"}],"predecessor-version":[{"id":740,"href":"https:\/\/www.nefilatek.fr\/index.php\/wp-json\/wp\/v2\/pages\/384\/revisions\/740"}],"wp:attachment":[{"href":"https:\/\/www.nefilatek.fr\/index.php\/wp-json\/wp\/v2\/media?parent=384"}],"curies":[{"name":"wp","href":"https:\/\/api.w.org\/{rel}","templated":true}]}}