{"id":313,"date":"2020-03-31T13:17:18","date_gmt":"2020-03-31T11:17:18","guid":{"rendered":"http:\/\/www.nefilatek.fr\/?page_id=313"},"modified":"2023-07-06T17:29:05","modified_gmt":"2023-07-06T15:29:05","slug":"accueil","status":"publish","type":"page","link":"https:\/\/www.nefilatek.fr\/","title":{"rendered":"Accueil"},"content":{"rendered":"\n\n  <div class=\"banner has-hover bg-zoom\" id=\"banner-1069491737\">\n          <div class=\"banner-inner fill\">\n        <div class=\"banner-bg fill\" >\n            <div class=\"bg fill bg-fill \"><\/div>\n                        <div class=\"overlay\"><\/div>            \n                    <\/div>\n\t\t\n        <div class=\"banner-layers container\">\n            <div class=\"fill banner-link\"><\/div>            \n\n   <div id=\"text-box-1999495679\" class=\"text-box banner-layer x50 md-x50 lg-x50 y50 md-y50 lg-y50 res-text\">\n                                <div class=\"text-box-content text dark\">\n              \n              <div class=\"text-inner text-center\">\n                  \n\n<h2><strong>NEFILATEK<\/strong><\/h2>\n<p>Des filaments d&rsquo;impression 3D 100% recycl\u00e9s fabriqu\u00e9s en France<\/p>\n<a data-animate=\"fadeInLeft\" href=\"https:\/\/www.nefilatek.fr\/index.php\/boutique\/\" target=\"_self\" class=\"button white is-outline\"  >\n    <span>Nos filaments<\/span>\n  <\/a>\n\n\n\n              <\/div>\n           <\/div>\n                            \n<style>\n#text-box-1999495679 {\n  width: 60%;\n}\n#text-box-1999495679 .text-box-content {\n  font-size: 125%;\n}\n<\/style>\n    <\/div>\n \n\n        <\/div>\n      <\/div>\n\n              <div class=\"height-fix is-invisible\"><img data-recalc-dims=\"1\" loading=\"lazy\" decoding=\"async\" width=\"1020\" height=\"355\" src=\"https:\/\/i0.wp.com\/www.nefilatek.fr\/wp-content\/uploads\/2020\/05\/fullsizeoutput_d63-scaled.jpeg?resize=1020%2C355&#038;ssl=1\" class=\"attachment-original size-original\" alt=\"Banni\u00e8re accueil Nefilatek\" srcset=\"https:\/\/i0.wp.com\/www.nefilatek.fr\/wp-content\/uploads\/2020\/05\/fullsizeoutput_d63-scaled.jpeg?w=2560&amp;ssl=1 2560w, https:\/\/i0.wp.com\/www.nefilatek.fr\/wp-content\/uploads\/2020\/05\/fullsizeoutput_d63-scaled.jpeg?resize=510%2C178&amp;ssl=1 510w, https:\/\/i0.wp.com\/www.nefilatek.fr\/wp-content\/uploads\/2020\/05\/fullsizeoutput_d63-scaled.jpeg?resize=300%2C105&amp;ssl=1 300w, https:\/\/i0.wp.com\/www.nefilatek.fr\/wp-content\/uploads\/2020\/05\/fullsizeoutput_d63-scaled.jpeg?resize=1024%2C357&amp;ssl=1 1024w, https:\/\/i0.wp.com\/www.nefilatek.fr\/wp-content\/uploads\/2020\/05\/fullsizeoutput_d63-scaled.jpeg?resize=768%2C268&amp;ssl=1 768w, https:\/\/i0.wp.com\/www.nefilatek.fr\/wp-content\/uploads\/2020\/05\/fullsizeoutput_d63-scaled.jpeg?resize=1536%2C535&amp;ssl=1 1536w, https:\/\/i0.wp.com\/www.nefilatek.fr\/wp-content\/uploads\/2020\/05\/fullsizeoutput_d63-scaled.jpeg?resize=2048%2C714&amp;ssl=1 2048w\" sizes=\"auto, (max-width: 1020px) 100vw, 1020px\" \/><\/div>\n            \n<style>\n#banner-1069491737 .bg.bg-loaded {\n  background-image: url(https:\/\/www.nefilatek.fr\/wp-content\/uploads\/2020\/05\/fullsizeoutput_d63-scaled.jpeg);\n}\n#banner-1069491737 .overlay {\n  background-color: rgba(0,0,0,.5);\n}\n#banner-1069491737 .ux-shape-divider--top svg {\n  height: 150px;\n  --divider-top-width: 100%;\n}\n#banner-1069491737 .ux-shape-divider--bottom svg {\n  height: 150px;\n  --divider-width: 100%;\n}\n<\/style>\n  <\/div>\n\n\n<div class=\"text-center\"><div class=\"is-divider divider clearfix\" style=\"margin-top:2.0em;margin-bottom:2.0em;height:30px;background-color:rgb(255, 255, 255);\"><\/div><\/div>\n\n  <div class=\"banner-grid-wrapper\">\n  <div id=\"banner-grid-482599512\" class=\"banner-grid row row-grid row-box-shadow-3 row-box-shadow-5-hover\" data-packery-options=\"\">\n                      \n\n<div class=\"col grid-col large-6 grid-col-1\" ><div class=\"col-inner\">\n\n\n  <div class=\"banner has-hover\" id=\"banner-1195767002\">\n          <div class=\"banner-inner fill\">\n        <div class=\"banner-bg fill\" >\n            <div class=\"bg fill bg-fill \"><\/div>\n                        <div class=\"overlay\"><\/div>            \n                    <\/div>\n\t\t\n        <div class=\"banner-layers container\">\n            <div class=\"fill banner-link\"><\/div>            \n\n   <div id=\"text-box-1043284084\" class=\"text-box banner-layer x50 md-x50 lg-x50 y15 md-y15 lg-y15 res-text\">\n       <div class=\"hover-bounce\">                         <div class=\"text-box-content text dark\">\n              \n              <div class=\"text-inner text-center\">\n                  \n\n<h3 class=\"uppercase\">Notre entreprise :<\/h3>\n<p>\u00a0<\/p>\n<p>Notre mission est de r\u00e9duire l&rsquo;impact environnemental de l&rsquo;impression 3D. Chez Nefilatek , nous fabriquons <strong>exclusivement\u00a0<\/strong>des filaments recycl\u00e9s \u00e0 plus de 95% \u00e0 partir de rebuts et de d\u00e9chets post-consommation.<\/p>\n<p>Pour continuer dans cette d\u00e9marche, nous avons aussi d\u00e9sign\u00e9 un support de bobine vissable et r\u00e9utilisable inspir\u00e9 d&rsquo;un projet Open Source.<\/p><\/p>\n<a href=\"https:\/\/www.nefilatek.fr\/index.php\/lentreprise\/\" target=\"_self\" class=\"button white is-outline\"  >\n    <span>En savoir plus<\/span>\n  <\/a>\n\n\n\n              <\/div>\n           <\/div>\n                     <\/div>       \n<style>\n#text-box-1043284084 {\n  width: 75%;\n}\n#text-box-1043284084 .text-box-content {\n  font-size: 167%;\n}\n<\/style>\n    <\/div>\n \n\n        <\/div>\n      <\/div>\n\n              <div class=\"height-fix is-invisible\"><img loading=\"lazy\" decoding=\"async\" width=\"1020\" height=\"574\" src=\"https:\/\/i0.wp.com\/www.nefilatek.fr\/wp-content\/uploads\/2020\/05\/P3101890-scaled.jpg?fit=1020%2C574&amp;ssl=1\" class=\"attachment-large size-large\" alt=\"Banni\u00e8re Notre entreprise\" srcset=\"https:\/\/i0.wp.com\/www.nefilatek.fr\/wp-content\/uploads\/2020\/05\/P3101890-scaled.jpg?w=2560&amp;ssl=1 2560w, https:\/\/i0.wp.com\/www.nefilatek.fr\/wp-content\/uploads\/2020\/05\/P3101890-scaled.jpg?resize=510%2C287&amp;ssl=1 510w, https:\/\/i0.wp.com\/www.nefilatek.fr\/wp-content\/uploads\/2020\/05\/P3101890-scaled.jpg?resize=300%2C169&amp;ssl=1 300w, https:\/\/i0.wp.com\/www.nefilatek.fr\/wp-content\/uploads\/2020\/05\/P3101890-scaled.jpg?resize=1024%2C576&amp;ssl=1 1024w, https:\/\/i0.wp.com\/www.nefilatek.fr\/wp-content\/uploads\/2020\/05\/P3101890-scaled.jpg?resize=768%2C432&amp;ssl=1 768w, https:\/\/i0.wp.com\/www.nefilatek.fr\/wp-content\/uploads\/2020\/05\/P3101890-scaled.jpg?resize=1536%2C864&amp;ssl=1 1536w, https:\/\/i0.wp.com\/www.nefilatek.fr\/wp-content\/uploads\/2020\/05\/P3101890-scaled.jpg?resize=2048%2C1152&amp;ssl=1 2048w\" sizes=\"auto, (max-width: 1020px) 100vw, 1020px\" \/><\/div>\n            \n<style>\n#banner-1195767002 .bg.bg-loaded {\n  background-image: url(https:\/\/i0.wp.com\/www.nefilatek.fr\/wp-content\/uploads\/2020\/05\/P3101890-scaled.jpg?fit=1020%2C574&ssl=1);\n}\n#banner-1195767002 .overlay {\n  background-color: rgba(0,0,0,.5);\n}\n#banner-1195767002 .ux-shape-divider--top svg {\n  height: 150px;\n  --divider-top-width: 100%;\n}\n#banner-1195767002 .ux-shape-divider--bottom svg {\n  height: 150px;\n  --divider-width: 100%;\n}\n<\/style>\n  <\/div>\n\n\n\n<\/div><\/div>\n<div class=\"col grid-col large-6 grid-col-2-3\" ><div class=\"col-inner\">\n\n\n  <div class=\"banner has-hover\" id=\"banner-230685242\">\n          <div class=\"banner-inner fill\">\n        <div class=\"banner-bg fill\" >\n            <div class=\"bg fill bg-fill \"><\/div>\n                                    \n                    <\/div>\n\t\t\n        <div class=\"banner-layers container\">\n            <div class=\"fill banner-link\"><\/div>            \n\n   <div id=\"text-box-2125389496\" class=\"text-box banner-layer x50 md-x50 lg-x50 y50 md-y50 lg-y50 res-text\">\n                                <div class=\"text-box-content text \">\n              \n              <div class=\"text-inner text-right\">\n                  \n\n<h2 class=\"uppercase\"><strong>Services 3D<\/strong><\/h2>\n<h3>Impression &amp; Conception\u00a0<\/h3>\n<p><span style=\"color: #00ccff; background-color: #c0c0c0;\" data-text-bg=\"primary\" data-text-color=\"alert\">Nous proposons un service d&rsquo;impression 3D et mod\u00e9lisation pour vos projets.<\/span><\/p>\n<a href=\"https:\/\/www.nefilatek.fr\/index.php\/services-3d\/\" target=\"_self\" class=\"button primary is-underline\"  >\n    <span>Services 3D<\/span>\n  <\/a>\n\n\n\n              <\/div>\n           <\/div>\n                            \n<style>\n#text-box-2125389496 {\n  width: 60%;\n}\n#text-box-2125389496 .text-box-content {\n  font-size: 150%;\n}\n@media (min-width:550px) {\n  #text-box-2125389496 {\n    width: 78%;\n  }\n}\n<\/style>\n    <\/div>\n \n\n        <\/div>\n      <\/div>\n\n            \n<style>\n#banner-230685242 {\n  padding-top: 500px;\n  background-color: rgb(0,0,0);\n}\n#banner-230685242 .bg.bg-loaded {\n  background-image: url(https:\/\/i0.wp.com\/www.nefilatek.fr\/wp-content\/uploads\/2020\/05\/Bretagne_plan_densemble.jpeg?fit=500%2C276&ssl=1);\n}\n#banner-230685242 .ux-shape-divider--top svg {\n  height: 150px;\n  --divider-top-width: 100%;\n}\n#banner-230685242 .ux-shape-divider--bottom svg {\n  height: 150px;\n  --divider-width: 100%;\n}\n<\/style>\n  <\/div>\n\n\n\n<\/div><\/div>\n<div class=\"col grid-col large-4 grid-col-1-3 hide-for-small\" ><div class=\"col-inner\">\n\n\n  <div class=\"banner has-hover\" id=\"banner-2078065763\">\n          <div class=\"banner-inner fill\">\n        <div class=\"banner-bg fill\" >\n            <div class=\"bg fill bg-fill \"><\/div>\n                        <div class=\"overlay\"><\/div>            \n                    <\/div>\n\t\t\n        <div class=\"banner-layers container\">\n            <div class=\"fill banner-link\"><\/div>            \n\n   <div id=\"text-box-468104181\" class=\"text-box banner-layer x5 md-x5 lg-x5 y50 md-y50 lg-y50 res-text\">\n                                <div class=\"text-box-content text box-shadow-3\">\n              \n              <div class=\"text-inner text-left\">\n                  \n\n<h2 class=\"uppercase\"><span data-text-bg=\"secondary\"><strong>Nos partenaires<\/strong><\/span><\/h2>\n<p>\u00a0<\/p>\n\n              <\/div>\n           <\/div>\n                            \n<style>\n#text-box-468104181 .text-box-content {\n  background-color: rgb(255, 255, 255);\n  font-size: 100%;\n}\n#text-box-468104181 .text-inner {\n  padding: 30px 30px 30px 30px;\n}\n#text-box-468104181 {\n  width: 60%;\n}\n@media (min-width:550px) {\n  #text-box-468104181 {\n    width: 40%;\n  }\n}\n<\/style>\n    <\/div>\n \n\n        <\/div>\n      <\/div>\n\n              <div class=\"height-fix is-invisible\"><\/div>\n            \n<style>\n#banner-2078065763 .overlay {\n  background-color: rgba(190, 190, 190, 0.2);\n}\n#banner-2078065763 {\n  background-color: rgb(255, 255, 255);\n}\n#banner-2078065763 .ux-shape-divider--top svg {\n  height: 150px;\n  --divider-top-width: 100%;\n}\n#banner-2078065763 .ux-shape-divider--bottom svg {\n  height: 150px;\n  --divider-width: 100%;\n}\n<\/style>\n  <\/div>\n\n\n\n<\/div><\/div>\n<div class=\"col grid-col large-2 grid-col-1-3 hide-for-small\" ><div class=\"col-inner\">\n\n<div class=\"slider-wrapper relative\" id=\"slider-1577879090\" >\n    <div class=\"slider slider-nav-dots-square slider-nav-simple slider-nav-normal slider-nav-dark slider-style-container\"\n        data-flickity-options='{\n            \"cellAlign\": \"center\",\n            \"imagesLoaded\": true,\n            \"lazyLoad\": 1,\n            \"freeScroll\": false,\n            \"wrapAround\": true,\n            \"autoPlay\": 3000,\n            \"pauseAutoPlayOnHover\" : true,\n            \"prevNextButtons\": true,\n            \"contain\" : true,\n            \"adaptiveHeight\" : true,\n            \"dragThreshold\" : 10,\n            \"percentPosition\": true,\n            \"pageDots\": false,\n            \"rightToLeft\": false,\n            \"draggable\": true,\n            \"selectedAttraction\": 0.1,\n            \"parallax\" : 0,\n            \"friction\": 0.6        }'\n        >\n        \n\n\t<div class=\"img has-hover x md-x lg-x y md-y lg-y\" id=\"image_497455325\">\n\t\t\t\t\t\t\t\t<div class=\"img-inner dark\" >\n\t\t\t<img loading=\"lazy\" decoding=\"async\" width=\"300\" height=\"300\" src=\"https:\/\/i0.wp.com\/www.nefilatek.fr\/wp-content\/uploads\/2020\/05\/j9UpVriT-e1495448657190.jpg?fit=300%2C300&amp;ssl=1\" class=\"attachment-large size-large\" alt=\"Partenaire La French Fab\" srcset=\"https:\/\/i0.wp.com\/www.nefilatek.fr\/wp-content\/uploads\/2020\/05\/j9UpVriT-e1495448657190.jpg?w=300&amp;ssl=1 300w, https:\/\/i0.wp.com\/www.nefilatek.fr\/wp-content\/uploads\/2020\/05\/j9UpVriT-e1495448657190.jpg?resize=247%2C247&amp;ssl=1 247w, https:\/\/i0.wp.com\/www.nefilatek.fr\/wp-content\/uploads\/2020\/05\/j9UpVriT-e1495448657190.jpg?resize=100%2C100&amp;ssl=1 100w, https:\/\/i0.wp.com\/www.nefilatek.fr\/wp-content\/uploads\/2020\/05\/j9UpVriT-e1495448657190.jpg?resize=150%2C150&amp;ssl=1 150w\" sizes=\"auto, (max-width: 300px) 100vw, 300px\" \/>\t\t\t\t\t\t\n\t\t\t\t\t<\/div>\n\t\t\t\t\t\t\t\t\n<style>\n#image_497455325 {\n  width: 100%;\n}\n<\/style>\n\t<\/div>\n\t\n\n\t<div class=\"img has-hover x md-x lg-x y md-y lg-y\" id=\"image_1241078043\">\n\t\t\t\t\t\t\t\t<div class=\"img-inner dark\" >\n\t\t\t<img loading=\"lazy\" decoding=\"async\" width=\"898\" height=\"1024\" src=\"https:\/\/i0.wp.com\/www.nefilatek.fr\/wp-content\/uploads\/2020\/05\/LogoAdeme2020_RVB.jpg?fit=898%2C1024&amp;ssl=1\" class=\"attachment-large size-large\" alt=\"Partenaire ADEME\" srcset=\"https:\/\/i0.wp.com\/www.nefilatek.fr\/wp-content\/uploads\/2020\/05\/LogoAdeme2020_RVB.jpg?w=952&amp;ssl=1 952w, https:\/\/i0.wp.com\/www.nefilatek.fr\/wp-content\/uploads\/2020\/05\/LogoAdeme2020_RVB.jpg?resize=510%2C582&amp;ssl=1 510w, https:\/\/i0.wp.com\/www.nefilatek.fr\/wp-content\/uploads\/2020\/05\/LogoAdeme2020_RVB.jpg?resize=263%2C300&amp;ssl=1 263w, https:\/\/i0.wp.com\/www.nefilatek.fr\/wp-content\/uploads\/2020\/05\/LogoAdeme2020_RVB.jpg?resize=898%2C1024&amp;ssl=1 898w, https:\/\/i0.wp.com\/www.nefilatek.fr\/wp-content\/uploads\/2020\/05\/LogoAdeme2020_RVB.jpg?resize=768%2C876&amp;ssl=1 768w\" sizes=\"auto, (max-width: 898px) 100vw, 898px\" \/>\t\t\t\t\t\t\n\t\t\t\t\t<\/div>\n\t\t\t\t\t\t\t\t\n<style>\n#image_1241078043 {\n  width: 100%;\n}\n<\/style>\n\t<\/div>\n\t\n\n\t<div class=\"img has-hover x md-x lg-x y md-y lg-y\" id=\"image_687820885\">\n\t\t\t\t\t\t\t\t<div class=\"img-inner dark\" >\n\t\t\t<img loading=\"lazy\" decoding=\"async\" width=\"224\" height=\"224\" src=\"https:\/\/i0.wp.com\/www.nefilatek.fr\/wp-content\/uploads\/2020\/05\/PdeuxA.jpg?fit=224%2C224&amp;ssl=1\" class=\"attachment-large size-large\" alt=\"Partenaire P2A\" srcset=\"https:\/\/i0.wp.com\/www.nefilatek.fr\/wp-content\/uploads\/2020\/05\/PdeuxA.jpg?w=224&amp;ssl=1 224w, https:\/\/i0.wp.com\/www.nefilatek.fr\/wp-content\/uploads\/2020\/05\/PdeuxA.jpg?resize=100%2C100&amp;ssl=1 100w, https:\/\/i0.wp.com\/www.nefilatek.fr\/wp-content\/uploads\/2020\/05\/PdeuxA.jpg?resize=150%2C150&amp;ssl=1 150w\" sizes=\"auto, (max-width: 224px) 100vw, 224px\" \/>\t\t\t\t\t\t\n\t\t\t\t\t<\/div>\n\t\t\t\t\t\t\t\t\n<style>\n#image_687820885 {\n  width: 100%;\n}\n<\/style>\n\t<\/div>\n\t\n\n\t<div class=\"img has-hover x md-x lg-x y md-y lg-y\" id=\"image_1729498904\">\n\t\t\t\t\t\t\t\t<div class=\"img-inner dark\" >\n\t\t\t<img loading=\"lazy\" decoding=\"async\" width=\"1020\" height=\"1020\" src=\"https:\/\/i0.wp.com\/www.nefilatek.fr\/wp-content\/uploads\/2020\/05\/1200px-Logo_Hauts-de-France_2016.svg.png?fit=1020%2C1020&amp;ssl=1\" class=\"attachment-large size-large\" alt=\"\" srcset=\"https:\/\/i0.wp.com\/www.nefilatek.fr\/wp-content\/uploads\/2020\/05\/1200px-Logo_Hauts-de-France_2016.svg.png?w=1200&amp;ssl=1 1200w, https:\/\/i0.wp.com\/www.nefilatek.fr\/wp-content\/uploads\/2020\/05\/1200px-Logo_Hauts-de-France_2016.svg.png?resize=247%2C247&amp;ssl=1 247w, https:\/\/i0.wp.com\/www.nefilatek.fr\/wp-content\/uploads\/2020\/05\/1200px-Logo_Hauts-de-France_2016.svg.png?resize=100%2C100&amp;ssl=1 100w, https:\/\/i0.wp.com\/www.nefilatek.fr\/wp-content\/uploads\/2020\/05\/1200px-Logo_Hauts-de-France_2016.svg.png?resize=510%2C510&amp;ssl=1 510w, https:\/\/i0.wp.com\/www.nefilatek.fr\/wp-content\/uploads\/2020\/05\/1200px-Logo_Hauts-de-France_2016.svg.png?resize=300%2C300&amp;ssl=1 300w, https:\/\/i0.wp.com\/www.nefilatek.fr\/wp-content\/uploads\/2020\/05\/1200px-Logo_Hauts-de-France_2016.svg.png?resize=1024%2C1024&amp;ssl=1 1024w, https:\/\/i0.wp.com\/www.nefilatek.fr\/wp-content\/uploads\/2020\/05\/1200px-Logo_Hauts-de-France_2016.svg.png?resize=150%2C150&amp;ssl=1 150w, https:\/\/i0.wp.com\/www.nefilatek.fr\/wp-content\/uploads\/2020\/05\/1200px-Logo_Hauts-de-France_2016.svg.png?resize=768%2C768&amp;ssl=1 768w\" sizes=\"auto, (max-width: 1020px) 100vw, 1020px\" \/>\t\t\t\t\t\t\n\t\t\t\t\t<\/div>\n\t\t\t\t\t\t\t\t\n<style>\n#image_1729498904 {\n  width: 80%;\n}\n<\/style>\n\t<\/div>\n\t\n\n\t<div class=\"img has-hover x md-x lg-x y md-y lg-y\" id=\"image_1683378471\">\n\t\t\t\t\t\t\t\t<div class=\"img-inner dark\" style=\"margin:42px 0px 0px 0px;\">\n\t\t\t<img data-recalc-dims=\"1\" loading=\"lazy\" decoding=\"async\" width=\"822\" height=\"435\" src=\"https:\/\/i0.wp.com\/www.nefilatek.fr\/wp-content\/uploads\/2020\/11\/Logo-R3D.jpg?resize=822%2C435&#038;ssl=1\" class=\"attachment-original size-original\" alt=\"Partenaire R3D\" srcset=\"https:\/\/i0.wp.com\/www.nefilatek.fr\/wp-content\/uploads\/2020\/11\/Logo-R3D.jpg?w=822&amp;ssl=1 822w, https:\/\/i0.wp.com\/www.nefilatek.fr\/wp-content\/uploads\/2020\/11\/Logo-R3D.jpg?resize=300%2C159&amp;ssl=1 300w, https:\/\/i0.wp.com\/www.nefilatek.fr\/wp-content\/uploads\/2020\/11\/Logo-R3D.jpg?resize=768%2C406&amp;ssl=1 768w\" sizes=\"auto, (max-width: 822px) 100vw, 822px\" \/>\t\t\t\t\t\t\n\t\t\t\t\t<\/div>\n\t\t\t\t\t\t\t\t\n<style>\n#image_1683378471 {\n  width: 100%;\n}\n<\/style>\n\t<\/div>\n\t\n\n\t<div class=\"img has-hover x md-x lg-x y md-y lg-y\" id=\"image_1361094031\">\n\t\t\t\t\t\t\t\t<div class=\"img-inner dark\" >\n\t\t\t<img loading=\"lazy\" decoding=\"async\" width=\"890\" height=\"890\" src=\"https:\/\/i0.wp.com\/www.nefilatek.fr\/wp-content\/uploads\/2021\/08\/EPEIRE-3D-square.png?fit=890%2C890&amp;ssl=1\" class=\"attachment-large size-large\" alt=\"\" srcset=\"https:\/\/i0.wp.com\/www.nefilatek.fr\/wp-content\/uploads\/2021\/08\/EPEIRE-3D-square.png?w=890&amp;ssl=1 890w, https:\/\/i0.wp.com\/www.nefilatek.fr\/wp-content\/uploads\/2021\/08\/EPEIRE-3D-square.png?resize=300%2C300&amp;ssl=1 300w, https:\/\/i0.wp.com\/www.nefilatek.fr\/wp-content\/uploads\/2021\/08\/EPEIRE-3D-square.png?resize=150%2C150&amp;ssl=1 150w, https:\/\/i0.wp.com\/www.nefilatek.fr\/wp-content\/uploads\/2021\/08\/EPEIRE-3D-square.png?resize=768%2C768&amp;ssl=1 768w, https:\/\/i0.wp.com\/www.nefilatek.fr\/wp-content\/uploads\/2021\/08\/EPEIRE-3D-square.png?resize=600%2C600&amp;ssl=1 600w, https:\/\/i0.wp.com\/www.nefilatek.fr\/wp-content\/uploads\/2021\/08\/EPEIRE-3D-square.png?resize=100%2C100&amp;ssl=1 100w\" sizes=\"auto, (max-width: 890px) 100vw, 890px\" \/>\t\t\t\t\t\t\n\t\t\t\t\t<\/div>\n\t\t\t\t\t\t\t\t\n<style>\n#image_1361094031 {\n  width: 100%;\n}\n<\/style>\n\t<\/div>\n\t\n\n\n  <div class=\"banner has-hover\" id=\"banner-316710746\">\n          <div class=\"banner-inner fill\">\n        <div class=\"banner-bg fill\" >\n            <div class=\"bg fill bg-fill \"><\/div>\n                                    \n                    <\/div>\n\t\t\n        <div class=\"banner-layers container\">\n            <div class=\"fill banner-link\"><\/div>            \n\n   <div id=\"text-box-189598598\" class=\"text-box banner-layer x50 md-x50 lg-x50 y50 md-y50 lg-y50 res-text\">\n                                <div class=\"text-box-content text \">\n              \n              <div class=\"text-inner text-center\">\n                  \n\n<h3 class=\"uppercase\"><b>Vous ?<\/b><\/h3>\n\n              <\/div>\n           <\/div>\n                            \n<style>\n#text-box-189598598 {\n  width: 60%;\n}\n#text-box-189598598 .text-box-content {\n  font-size: 100%;\n}\n<\/style>\n    <\/div>\n \n\n        <\/div>\n      <\/div>\n\n            \n<style>\n#banner-316710746 {\n  padding-top: 500px;\n  background-color: rgb(255,255,255);\n}\n#banner-316710746 .ux-shape-divider--top svg {\n  height: 150px;\n  --divider-top-width: 100%;\n}\n#banner-316710746 .ux-shape-divider--bottom svg {\n  height: 150px;\n  --divider-width: 100%;\n}\n<\/style>\n  <\/div>\n\n\n\n     <\/div>\n\n     <div class=\"loading-spin dark large centered\"><\/div>\n\n     \t<\/div>\n\n\n\n<\/div><\/div>\n\n            <\/div>\n    <style>\n    #banner-grid-482599512 .grid-col-1{height: 600px}\n    #banner-grid-482599512 .grid-col-1-2{height: 300px}\n    #banner-grid-482599512 .grid-col-1-3{height:200px}\n    #banner-grid-482599512 .grid-col-2-3{height: 400px}\n    #banner-grid-482599512 .grid-col-1-4{height: 150px}\n    #banner-grid-482599512 .grid-col-3-4{height: 450px}\n\n\n    \n    \n\n  <\/style>\n    <\/div>\n  \n\n","protected":false},"excerpt":{"rendered":"","protected":false},"author":1,"featured_media":0,"parent":0,"menu_order":0,"comment_status":"closed","ping_status":"closed","template":"","meta":{"_seopress_robots_primary_cat":"","_seopress_titles_title":"","_seopress_titles_desc":"","_seopress_robots_index":"","footnotes":""},"class_list":["post-313","page","type-page","status-publish","hentry"],"jetpack_sharing_enabled":true,"_links":{"self":[{"href":"https:\/\/www.nefilatek.fr\/index.php\/wp-json\/wp\/v2\/pages\/313","targetHints":{"allow":["GET"]}}],"collection":[{"href":"https:\/\/www.nefilatek.fr\/index.php\/wp-json\/wp\/v2\/pages"}],"about":[{"href":"https:\/\/www.nefilatek.fr\/index.php\/wp-json\/wp\/v2\/types\/page"}],"author":[{"embeddable":true,"href":"https:\/\/www.nefilatek.fr\/index.php\/wp-json\/wp\/v2\/users\/1"}],"replies":[{"embeddable":true,"href":"https:\/\/www.nefilatek.fr\/index.php\/wp-json\/wp\/v2\/comments?post=313"}],"version-history":[{"count":19,"href":"https:\/\/www.nefilatek.fr\/index.php\/wp-json\/wp\/v2\/pages\/313\/revisions"}],"predecessor-version":[{"id":875,"href":"https:\/\/www.nefilatek.fr\/index.php\/wp-json\/wp\/v2\/pages\/313\/revisions\/875"}],"wp:attachment":[{"href":"https:\/\/www.nefilatek.fr\/index.php\/wp-json\/wp\/v2\/media?parent=313"}],"curies":[{"name":"wp","href":"https:\/\/api.w.org\/{rel}","templated":true}]}}