{"id":311,"date":"2020-03-31T13:17:18","date_gmt":"2020-03-31T11:17:18","guid":{"rendered":"http:\/\/www.nefilatek.fr\/?page_id=311"},"modified":"2022-06-22T14:07:42","modified_gmt":"2022-06-22T12:07:42","slug":"lentreprise","status":"publish","type":"page","link":"https:\/\/www.nefilatek.fr\/index.php\/lentreprise\/","title":{"rendered":"L&rsquo;entreprise"},"content":{"rendered":"\n\t<div id=\"gap-2124317162\" class=\"gap-element clearfix\" style=\"display:block; height:auto;\">\n\t\t\n<style>\n#gap-2124317162 {\n  padding-top: 30px;\n}\n<\/style>\n\t<\/div>\n\t\n\n\n  <div class=\"banner has-hover\" id=\"banner-192147981\">\n          <div class=\"banner-inner fill\">\n        <div class=\"banner-bg fill\" >\n            <div class=\"bg fill bg-fill \"><\/div>\n                        <div class=\"overlay\"><\/div>            \n                    <\/div>\n\t\t\n        <div class=\"banner-layers container\">\n            <div class=\"fill banner-link\"><\/div>            \n\n   <div id=\"text-box-415434143\" class=\"text-box banner-layer x50 md-x50 lg-x50 y50 md-y50 lg-y50 res-text\">\n                                <div class=\"text-box-content text \">\n              \n              <div class=\"text-inner text-left\">\n                  \n\n<h2 class=\"uppercase\" style=\"text-align: center;\"><strong>Notre vision de l&rsquo;industrie 3D<\/strong><\/h2>\n<p style=\"text-align: center;\">De nos jours, il devient normal pour les nouvelles industries d&rsquo;avoir un impact environnemental le plus petit possible pour pr\u00e9server la plan\u00e8te en vue des g\u00e9n\u00e9rations futures.<\/p>\n<p style=\"text-align: center;\">L&rsquo;impression 3D est l&rsquo;une des plus prometteuses en terme de possibilit\u00e9s et de d\u00e9veloppements dans de nombreux domaines (bio-m\u00e9dical, a\u00e9ronautique, design , prototypage, petites s\u00e9ries, &#8230; ).<\/p>\n<p style=\"text-align: center;\">Malheureusement, les mati\u00e8res pour l&rsquo;impression 3D utilis\u00e9es sont faites de plastiques ayant un gros impacts sur l&rsquo;environnements, de plus, les plastiques en fin de vie ne sont g\u00e9n\u00e9ralement pas recycl\u00e9s, souvent incin\u00e9r\u00e9s ou enfouis.<\/p>\n<p>\u00a0<\/p>\n<h2 class=\"uppercase\" style=\"text-align: center;\"><strong>Notre solution\u00a0<\/strong><\/h2>\n<p style=\"text-align: center;\">Nefilatek est une nouvelle entreprise fond\u00e9e en 2018 \u00e0 Montr\u00e9al au Canada, proposant une gamme de filaments faits \u00e0 partir de plus de 95% de mati\u00e8res plastiques recycl\u00e9s. Notre objectif est de valoriser des d\u00e9chets plastiques locaux et une production locale tout en proposant des filaments de hautes qualit\u00e9s.<\/p>\n<p style=\"text-align: center;\">\u00a0<\/p>\n<p style=\"text-align: center;\">\u00a0<\/p>\n\n              <\/div>\n           <\/div>\n                            \n<style>\n#text-box-415434143 {\n  width: 60%;\n}\n#text-box-415434143 .text-box-content {\n  font-size: 100%;\n}\n@media (min-width:550px) {\n  #text-box-415434143 {\n    width: 100%;\n  }\n}\n<\/style>\n    <\/div>\n \n\n        <\/div>\n      <\/div>\n\n            \n<style>\n#banner-192147981 {\n  padding-top: 30%;\n  background-color: rgb(255, 255, 255);\n}\n#banner-192147981 .overlay {\n  background-color: rgba(190, 190, 190, 0.2);\n}\n#banner-192147981 .ux-shape-divider--top svg {\n  height: 150px;\n  --divider-top-width: 100%;\n}\n#banner-192147981 .ux-shape-divider--bottom svg {\n  height: 150px;\n  --divider-width: 100%;\n}\n<\/style>\n  <\/div>\n\n\n\t<div id=\"gap-55300078\" class=\"gap-element clearfix\" style=\"display:block; height:auto;\">\n\t\t\n<style>\n#gap-55300078 {\n  padding-top: 30px;\n}\n<\/style>\n\t<\/div>\n\t\n\n  <div class=\"banner-grid-wrapper\">\n  <div id=\"banner-grid-910649813\" class=\"banner-grid row row-grid row-small\" data-packery-options=\"\">\n                      \n\n<div class=\"col grid-col large-5 grid-col-1 hide-for-small\" data-animate=\"fadeInLeft\"><div class=\"col-inner\">\n\n\n  <div class=\"banner has-hover\" id=\"banner-1448005803\">\n          <div class=\"banner-inner fill\">\n        <div class=\"banner-bg fill\" >\n            <div class=\"bg fill bg-fill \"><\/div>\n                                    \n                    <\/div>\n\t\t\n        <div class=\"banner-layers container\">\n            <div class=\"fill banner-link\"><\/div>            \n\n   <div id=\"text-box-1257029242\" class=\"text-box banner-layer x50 md-x50 lg-x50 y0 md-y0 lg-y0 res-text\">\n       <div class=\"hover-bounce\">                         <div class=\"text-box-content text dark\">\n              \n              <div class=\"text-inner text-center\">\n                  \n\n<h4>Afin d&rsquo;offrir des filaments 3D fabriqu\u00e9s localement en Europe et Am\u00e9rique du Nord,<\/h4>\n<h4>Nefilatek poss\u00e8de deux centres de production, l&rsquo;un \u00e0 Montr\u00e9al au Canada ou le projet a d\u00e9marr\u00e9, et l&rsquo;autre en France \u00e0 Lille.<\/h4>\n<h4>Ces deux centres nous permettent de couvrir deux zones g\u00e9ographiques tout en proposant des filaments recycl\u00e9s &gt;95% et produits localement pour nos clients.<\/h4>\n<p>&nbsp;<\/p>\n\n              <\/div>\n           <\/div>\n                     <\/div>       \n<style>\n#text-box-1257029242 {\n  width: 65%;\n}\n#text-box-1257029242 .text-box-content {\n  font-size: 150%;\n}\n<\/style>\n    <\/div>\n \n\t<div class=\"img has-hover x20 md-x20 lg-x20 y95 md-y95 lg-y95\" id=\"image_1547794246\">\n\t\t\t\t\t\t\t\t<div class=\"img-inner dark\" >\n\t\t\t<img loading=\"lazy\" decoding=\"async\" width=\"318\" height=\"159\" src=\"https:\/\/i0.wp.com\/www.nefilatek.fr\/wp-content\/uploads\/2020\/06\/t%C3%A9l%C3%A9chargement-1.png?fit=318%2C159&amp;ssl=1\" class=\"attachment-large size-large\" alt=\"Drapeau Canada\" \/>\t\t\t\t\t\t\n\t\t\t\t\t<\/div>\n\t\t\t\t\t\t\t\t\n<style>\n#image_1547794246 {\n  width: 20%;\n}\n<\/style>\n\t<\/div>\n\t\n\n\t<div class=\"img has-hover x75 md-x75 lg-x75 y95 md-y95 lg-y95\" id=\"image_1074091786\">\n\t\t\t\t\t\t\t\t<div class=\"img-inner dark\" >\n\t\t\t<img loading=\"lazy\" decoding=\"async\" width=\"275\" height=\"183\" src=\"https:\/\/i0.wp.com\/www.nefilatek.fr\/wp-content\/uploads\/2020\/06\/t%C3%A9l%C3%A9chargement.png?fit=275%2C183&amp;ssl=1\" class=\"attachment-large size-large\" alt=\"Drapeau France\" \/>\t\t\t\t\t\t\n\t\t\t\t\t<\/div>\n\t\t\t\t\t\t\t\t\n<style>\n#image_1074091786 {\n  width: 16%;\n}\n<\/style>\n\t<\/div>\n\t\n\n\n        <\/div>\n      <\/div>\n\n              <div class=\"height-fix is-invisible\"><\/div>\n            \n<style>\n#banner-1448005803 {\n  background-color: #1caf00;\n}\n#banner-1448005803 .ux-shape-divider--top svg {\n  height: 150px;\n  --divider-top-width: 100%;\n}\n#banner-1448005803 .ux-shape-divider--bottom svg {\n  height: 150px;\n  --divider-width: 100%;\n}\n<\/style>\n  <\/div>\n\n\n\n<\/div><\/div>\n<div class=\"col grid-col large-7 grid-col-1 hide-for-small\" data-animate=\"fadeInRight\"><div class=\"col-inner\">\n\n\t<div class=\"img has-hover x md-x lg-x y md-y lg-y\" id=\"image_1530984958\">\n\t\t\t\t\t\t\t\t<div class=\"img-inner dark\" >\n\t\t\t<img loading=\"lazy\" decoding=\"async\" width=\"789\" height=\"729\" src=\"https:\/\/i0.wp.com\/www.nefilatek.fr\/wp-content\/uploads\/2020\/05\/schema.png?fit=789%2C729&amp;ssl=1\" class=\"attachment-large size-large\" alt=\"Nefilatek Schema\" srcset=\"https:\/\/i0.wp.com\/www.nefilatek.fr\/wp-content\/uploads\/2020\/05\/schema.png?w=789&amp;ssl=1 789w, https:\/\/i0.wp.com\/www.nefilatek.fr\/wp-content\/uploads\/2020\/05\/schema.png?resize=510%2C471&amp;ssl=1 510w, https:\/\/i0.wp.com\/www.nefilatek.fr\/wp-content\/uploads\/2020\/05\/schema.png?resize=300%2C277&amp;ssl=1 300w, https:\/\/i0.wp.com\/www.nefilatek.fr\/wp-content\/uploads\/2020\/05\/schema.png?resize=768%2C710&amp;ssl=1 768w\" sizes=\"auto, (max-width: 789px) 100vw, 789px\" \/>\t\t\t\t\t\t\n\t\t\t\t\t<\/div>\n\t\t\t\t\t\t\t\t\n<style>\n#image_1530984958 {\n  width: 100%;\n}\n<\/style>\n\t<\/div>\n\t\n\n\n<\/div><\/div>\n\n            <\/div>\n    <style>\n    #banner-grid-910649813 .grid-col-1{height: 600px}\n    #banner-grid-910649813 .grid-col-1-2{height: 300px}\n    #banner-grid-910649813 .grid-col-1-3{height:200px}\n    #banner-grid-910649813 .grid-col-2-3{height: 400px}\n    #banner-grid-910649813 .grid-col-1-4{height: 150px}\n    #banner-grid-910649813 .grid-col-3-4{height: 450px}\n\n\n    \n    \n\n  <\/style>\n    <\/div>\n  \n\n","protected":false},"excerpt":{"rendered":"","protected":false},"author":1,"featured_media":0,"parent":0,"menu_order":0,"comment_status":"closed","ping_status":"closed","template":"","meta":{"_seopress_robots_primary_cat":"","_seopress_titles_title":"","_seopress_titles_desc":"","_seopress_robots_index":"","_seopress_analysis_target_kw":"","footnotes":""},"class_list":["post-311","page","type-page","status-publish","hentry"],"jetpack_sharing_enabled":true,"_links":{"self":[{"href":"https:\/\/www.nefilatek.fr\/index.php\/wp-json\/wp\/v2\/pages\/311","targetHints":{"allow":["GET"]}}],"collection":[{"href":"https:\/\/www.nefilatek.fr\/index.php\/wp-json\/wp\/v2\/pages"}],"about":[{"href":"https:\/\/www.nefilatek.fr\/index.php\/wp-json\/wp\/v2\/types\/page"}],"author":[{"embeddable":true,"href":"https:\/\/www.nefilatek.fr\/index.php\/wp-json\/wp\/v2\/users\/1"}],"replies":[{"embeddable":true,"href":"https:\/\/www.nefilatek.fr\/index.php\/wp-json\/wp\/v2\/comments?post=311"}],"version-history":[{"count":30,"href":"https:\/\/www.nefilatek.fr\/index.php\/wp-json\/wp\/v2\/pages\/311\/revisions"}],"predecessor-version":[{"id":828,"href":"https:\/\/www.nefilatek.fr\/index.php\/wp-json\/wp\/v2\/pages\/311\/revisions\/828"}],"wp:attachment":[{"href":"https:\/\/www.nefilatek.fr\/index.php\/wp-json\/wp\/v2\/media?parent=311"}],"curies":[{"name":"wp","href":"https:\/\/api.w.org\/{rel}","templated":true}]}}